{"id":21,"date":"2023-12-13T15:25:33","date_gmt":"2023-12-13T14:25:33","guid":{"rendered":"http:\/\/www.choeurmontansier.com\/?page_id=21"},"modified":"2025-07-26T09:36:36","modified_gmt":"2025-07-26T07:36:36","slug":"recrutement","status":"publish","type":"page","link":"https:\/\/www.choeurmontansier.com\/index.php\/recrutement\/","title":{"rendered":"Nous rejoindre"},"content":{"rendered":"<h3 dir=\"auto\"><span style=\"font-size: 24pt;\">Rejoignez-nous!<\/span><\/h3>\n<div dir=\"auto\"><\/div>\n<div dir=\"auto\">Vous avez d\u00e9j\u00e0 une exp\u00e9rience du chant,<\/div>\n<div dir=\"auto\">et vous souhaitez rejoindre le Choeur Montansier<br \/>\n&#8230; <strong>Venez passer<\/strong> <b>une courte audition (*) avec notre chef de choeur, Jan Krej\u010dik.<\/b><\/div>\n<div dir=\"auto\"><\/div>\n<div dir=\"auto\">Prenez contact avec nous<\/div>\n<div dir=\"auto\"><b><a href=\"mailto:contact@choeurmontansier.com\">contact@choeurmontansier.com<\/a>\u00a0<\/b><br \/>\n<b>tel: 06 70 61 52 21\u00a0<\/b><\/div>\n<div dir=\"auto\"><\/div>\n<div dir=\"auto\"><strong>Nos r\u00e9p\u00e9titions ont lieu les jeudis hors vacances scolaires de 20h15 \u00e0 22h30<\/strong><\/div>\n<div dir=\"auto\"><strong>\u00e0 l\u2019<\/strong><b>EHPAD Richaud 80 Bd de la Reine \u00e0 Versailles<\/b> (entr\u00e9e par l\u2019all\u00e9e pi\u00e9tonne Jean-Paul II).<\/div>\n<div dir=\"auto\"><b>\u00a0<\/b><\/div>\n<div dir=\"auto\"><\/div>\n<div dir=\"auto\"><i><b>(*) <\/b>Durant l\u2019audition, nous d\u00e9terminerons, en fonction de votre tessiture, le pupitre dans lequel vous chanterez.\u00a0 Le \u00ab d\u00e9chiffrage \u00bb d\u2019un morceau vous sera demand\u00e9, avec l&rsquo;accompagnement et l&rsquo;aide du piano.<\/i><\/div>\n<div dir=\"auto\"><\/div>\n<div dir=\"auto\"><\/div>\n<div dir=\"auto\"><\/div>\n<div dir=\"auto\"><\/div>\n","protected":false},"excerpt":{"rendered":"<p>Rejoignez-nous! Vous avez d\u00e9j\u00e0 une exp\u00e9rience du chant, et vous souhaitez rejoindre le Choeur Montansier &#8230; Venez passer une courte audition (*) avec notre chef de choeur, Jan Krej\u010dik. Prenez contact avec nous contact@choeurmontansier.com\u00a0 tel: 06 70 61 52 21\u00a0 Nos r\u00e9p\u00e9titions ont lieu les jeudis hors vacances scolaires de 20h15 \u00e0 22h30 \u00e0 l\u2019EHPAD [&hellip;]<\/p>\n","protected":false},"author":1,"featured_media":0,"parent":0,"menu_order":0,"comment_status":"closed","ping_status":"closed","template":"","meta":{"footnotes":""},"class_list":["post-21","page","type-page","status-publish","hentry"],"_links":{"self":[{"href":"https:\/\/www.choeurmontansier.com\/index.php\/wp-json\/wp\/v2\/pages\/21","targetHints":{"allow":["GET"]}}],"collection":[{"href":"https:\/\/www.choeurmontansier.com\/index.php\/wp-json\/wp\/v2\/pages"}],"about":[{"href":"https:\/\/www.choeurmontansier.com\/index.php\/wp-json\/wp\/v2\/types\/page"}],"author":[{"embeddable":true,"href":"https:\/\/www.choeurmontansier.com\/index.php\/wp-json\/wp\/v2\/users\/1"}],"replies":[{"embeddable":true,"href":"https:\/\/www.choeurmontansier.com\/index.php\/wp-json\/wp\/v2\/comments?post=21"}],"version-history":[{"count":10,"href":"https:\/\/www.choeurmontansier.com\/index.php\/wp-json\/wp\/v2\/pages\/21\/revisions"}],"predecessor-version":[{"id":537,"href":"https:\/\/www.choeurmontansier.com\/index.php\/wp-json\/wp\/v2\/pages\/21\/revisions\/537"}],"wp:attachment":[{"href":"https:\/\/www.choeurmontansier.com\/index.php\/wp-json\/wp\/v2\/media?parent=21"}],"curies":[{"name":"wp","href":"https:\/\/api.w.org\/{rel}","templated":true}]}}