{"id":27,"date":"2023-12-13T15:26:23","date_gmt":"2023-12-13T14:26:23","guid":{"rendered":"http:\/\/www.choeurmontansier.com\/?page_id=27"},"modified":"2025-10-09T17:10:37","modified_gmt":"2025-10-09T15:10:37","slug":"dons-et-partenaires","status":"publish","type":"page","link":"https:\/\/www.choeurmontansier.com\/index.php\/dons-et-partenaires\/","title":{"rendered":"Dons et partenariats"},"content":{"rendered":"<p><strong>Le Ch\u0153ur Montansier est une association d&rsquo;int\u00e9r\u00eat g\u00e9n\u00e9ral<\/strong> r\u00e9gie par la loi du 1er juillet 1901 enregistr\u00e9e sous le nom \u00ab Association Doux Octobre &#8211; Ch\u0153ur Montansier \u00bb<span class=\"Apple-converted-space\">\u00a0<\/span><\/p>\n<p>R\u00e9f\u00e9renc\u00e9e n\u00b0W784000630 \u00e0 la pr\u00e9fecture des Yvelines de Versailles.<\/p>\n<p>Nos principales ressources (95%) sont les cotisations des choristes et la billeterie de nos spectacles.<\/p>\n<p>Nous avons besoin de votre soutien pour mener \u00e0 bien nos projets artistiques et r\u00e9mun\u00e9rer les professionnels qui nous encadrent.<\/p>\n<p><b>Vous pouvez b\u00e9n\u00e9ficier d&rsquo;une r\u00e9duction d&rsquo;imp\u00f4t de 66 % des dons faits \u00e0 des organismes d&rsquo;int\u00e9r\u00eat g\u00e9n\u00e9ral, dans la limite de 20 % de vos revenus nets imposables.<\/b><\/p>\n<p><strong>Comment faire les versements pour vos dons ?<\/strong><\/p>\n<ul>\n<li>Par ch\u00e8que \u00e0 l\u2019ordre de : \u00ab Association Doux Octobre &#8211; Ch\u0153ur Montansier \u00bb<\/li>\n<\/ul>\n<p style=\"padding-left: 40px;\">\u00e0 envoyer au si\u00e8ge: Association Choeur Montansier &#8211; 102 avenue de Paris 78000 Versailles.<\/p>\n<ul>\n<li>Par virement sur le compte bancaire CIC agence Versailles Ch\u00e2teau de l\u2019association (en pr\u00e9cisant votre nom et adresse)<\/li>\n<\/ul>\n<p style=\"padding-left: 40px;\"><span style=\"font-family: Consolas, Monaco, monospace;\">IBAN FR76 3006 6109 0200 0202 4680 107<\/span><\/p>\n<p style=\"padding-left: 40px;\"><span style=\"font-family: Consolas, Monaco, monospace;\">Code BIC : CMCIFRPP<\/span><\/p>\n<ul>\n<li>En esp\u00e8ces lors de nos concerts<\/li>\n<\/ul>\n<p><strong><span style=\"color: #000000;\">Pour tout versement, il sera remis un re\u00e7u fiscal avec signature du pr\u00e9sident ou du tr\u00e9sorier de l\u2019association \u00ab Doux Octobre &#8211; Ch\u0153ur Montansier \u00bb valant attestation pour l&rsquo;administration fiscale.\u00a0<\/span><\/strong><\/p>\n<p><b>NOUS CONTACTER<\/b> :<span class=\"Apple-converted-space\">\u00a0<\/span><\/p>\n<ul>\n<li>Pr\u00e9sident : Ka\u00ef Zastrow<\/li>\n<li>tel : 06 70 61 52 21<\/li>\n<li>email : <a href=\"mailto:bureau@choeurmontansier.com\">contact@choeurmontansier.com<\/a><\/li>\n<\/ul>\n<p>&nbsp;<\/p>\n<p>&nbsp;<\/p>\n","protected":false},"excerpt":{"rendered":"<p>Le Ch\u0153ur Montansier est une association d&rsquo;int\u00e9r\u00eat g\u00e9n\u00e9ral r\u00e9gie par la loi du 1er juillet 1901 enregistr\u00e9e sous le nom \u00ab Association Doux Octobre &#8211; Ch\u0153ur Montansier \u00bb\u00a0 R\u00e9f\u00e9renc\u00e9e n\u00b0W784000630 \u00e0 la pr\u00e9fecture des Yvelines de Versailles. Nos principales ressources (95%) sont les cotisations des choristes et la billeterie de nos spectacles. Nous avons besoin [&hellip;]<\/p>\n","protected":false},"author":1,"featured_media":0,"parent":0,"menu_order":0,"comment_status":"closed","ping_status":"closed","template":"","meta":{"footnotes":""},"class_list":["post-27","page","type-page","status-publish","hentry"],"_links":{"self":[{"href":"https:\/\/www.choeurmontansier.com\/index.php\/wp-json\/wp\/v2\/pages\/27","targetHints":{"allow":["GET"]}}],"collection":[{"href":"https:\/\/www.choeurmontansier.com\/index.php\/wp-json\/wp\/v2\/pages"}],"about":[{"href":"https:\/\/www.choeurmontansier.com\/index.php\/wp-json\/wp\/v2\/types\/page"}],"author":[{"embeddable":true,"href":"https:\/\/www.choeurmontansier.com\/index.php\/wp-json\/wp\/v2\/users\/1"}],"replies":[{"embeddable":true,"href":"https:\/\/www.choeurmontansier.com\/index.php\/wp-json\/wp\/v2\/comments?post=27"}],"version-history":[{"count":11,"href":"https:\/\/www.choeurmontansier.com\/index.php\/wp-json\/wp\/v2\/pages\/27\/revisions"}],"predecessor-version":[{"id":595,"href":"https:\/\/www.choeurmontansier.com\/index.php\/wp-json\/wp\/v2\/pages\/27\/revisions\/595"}],"wp:attachment":[{"href":"https:\/\/www.choeurmontansier.com\/index.php\/wp-json\/wp\/v2\/media?parent=27"}],"curies":[{"name":"wp","href":"https:\/\/api.w.org\/{rel}","templated":true}]}}